{"id":56,"date":"2024-10-01T20:15:33","date_gmt":"2024-10-01T20:15:33","guid":{"rendered":"https:\/\/dubasiya.com\/?page_id=56"},"modified":"2024-10-03T13:34:26","modified_gmt":"2024-10-03T13:34:26","slug":"blogs","status":"publish","type":"page","link":"https:\/\/dubasiya.com\/index.php\/blogs\/","title":{"rendered":"Blogs"},"content":{"rendered":"\t\t<div data-elementor-type=\"wp-page\" data-elementor-id=\"56\" class=\"elementor elementor-56\" data-elementor-post-type=\"page\">\n\t\t\t\t<div class=\"elementor-element elementor-element-2daad5f e-flex e-con-boxed e-con e-parent\" data-id=\"2daad5f\" data-element_type=\"container\">\n\t\t\t\t\t<div class=\"e-con-inner\">\n\t\t\t\t<div class=\"elementor-element elementor-element-c9ec714 elementor-grid-3 elementor-grid-tablet-2 elementor-grid-mobile-1 elementor-posts--thumbnail-top elementor-posts--show-avatar elementor-card-shadow-yes elementor-posts__hover-gradient elementor-widget elementor-widget-posts\" data-id=\"c9ec714\" data-element_type=\"widget\" data-settings=\"{&quot;cards_columns&quot;:&quot;3&quot;,&quot;cards_columns_tablet&quot;:&quot;2&quot;,&quot;cards_columns_mobile&quot;:&quot;1&quot;,&quot;cards_row_gap&quot;:{&quot;unit&quot;:&quot;px&quot;,&quot;size&quot;:35,&quot;sizes&quot;:[]},&quot;cards_row_gap_tablet&quot;:{&quot;unit&quot;:&quot;px&quot;,&quot;size&quot;:&quot;&quot;,&quot;sizes&quot;:[]},&quot;cards_row_gap_mobile&quot;:{&quot;unit&quot;:&quot;px&quot;,&quot;size&quot;:&quot;&quot;,&quot;sizes&quot;:[]}}\" data-widget_type=\"posts.cards\">\n\t\t\t\t<div class=\"elementor-widget-container\">\n\t\t\t\t\t<div class=\"elementor-posts-container elementor-posts elementor-posts--skin-cards elementor-grid\">\n\t\t\t\t<article class=\"elementor-post elementor-grid-item post-575 post type-post status-publish format-standard has-post-thumbnail hentry category-uncategorized-es tag-es\">\n\t\t\t<div class=\"elementor-post__card\">\n\t\t\t\t<a class=\"elementor-post__thumbnail__link\" href=\"https:\/\/dubasiya.com\/index.php\/es\/2025\/06\/22\/la-importancia-de-una-traduccion-culturalmente-consciente\/\" tabindex=\"-1\" ><div class=\"elementor-post__thumbnail\"><img fetchpriority=\"high\" decoding=\"async\" width=\"300\" height=\"169\" src=\"https:\/\/dubasiya.com\/wp-content\/uploads\/2024\/10\/5-2-300x169.png\" class=\"attachment-medium size-medium wp-image-296\" alt=\"\" srcset=\"https:\/\/dubasiya.com\/wp-content\/uploads\/2024\/10\/5-2-300x169.png 300w, https:\/\/dubasiya.com\/wp-content\/uploads\/2024\/10\/5-2-1024x576.png 1024w, https:\/\/dubasiya.com\/wp-content\/uploads\/2024\/10\/5-2-768x432.png 768w, https:\/\/dubasiya.com\/wp-content\/uploads\/2024\/10\/5-2.png 1366w\" sizes=\"(max-width: 300px) 100vw, 300px\" \/><\/div><\/a>\n\t\t\t\t<div class=\"elementor-post__badge\">Uncategorized<\/div>\n\t\t\t\t<div class=\"elementor-post__avatar\">\n\t\t\t<img alt='tempwobblytable' src='https:\/\/secure.gravatar.com\/avatar\/b0de6698e72d7069235c30a19951d460?s=128&#038;d=mm&#038;r=g' srcset='https:\/\/secure.gravatar.com\/avatar\/b0de6698e72d7069235c30a19951d460?s=256&#038;d=mm&#038;r=g 2x' class='avatar avatar-128 photo' height='128' width='128' \/>\t\t<\/div>\n\t\t\t\t<div class=\"elementor-post__text\">\n\t\t\t\t<h3 class=\"elementor-post__title\">\n\t\t\t<a href=\"https:\/\/dubasiya.com\/index.php\/es\/2025\/06\/22\/la-importancia-de-una-traduccion-culturalmente-consciente\/\" >\n\t\t\t\tLa importancia de una traducci\u00f3n culturalmente consciente\t\t\t<\/a>\n\t\t<\/h3>\n\t\t\t\t<div class=\"elementor-post__excerpt\">\n\t\t\t<p>En nuestro mundo cada vez m\u00e1s globalizado, la comunicaci\u00f3n en tiempo real entre idiomas se ha vuelto esencial. Aqu\u00ed es<\/p>\n\t\t<\/div>\n\t\t\n\t\t<a class=\"elementor-post__read-more\" href=\"https:\/\/dubasiya.com\/index.php\/es\/2025\/06\/22\/la-importancia-de-una-traduccion-culturalmente-consciente\/\" aria-label=\"Read more about La importancia de una traducci\u00f3n culturalmente consciente\" tabindex=\"-1\" >\n\t\t\tRead More \u00bb\t\t<\/a>\n\n\t\t\t\t<\/div>\n\t\t\t\t<div class=\"elementor-post__meta-data\">\n\t\t\t\t\t<span class=\"elementor-post-date\">\n\t\t\tJune 22, 2025\t\t<\/span>\n\t\t\t\t<span class=\"elementor-post-avatar\">\n\t\t\tNo Comments\t\t<\/span>\n\t\t\t\t<\/div>\n\t\t\t\t\t<\/div>\n\t\t<\/article>\n\t\t\t\t<article class=\"elementor-post elementor-grid-item post-314 post type-post status-publish format-standard has-post-thumbnail hentry category-blog tag-en\">\n\t\t\t<div class=\"elementor-post__card\">\n\t\t\t\t<a class=\"elementor-post__thumbnail__link\" href=\"https:\/\/dubasiya.com\/index.php\/2024\/10\/03\/the-art-of-literary-translation-preserving-the-soul-of-a-story\/\" tabindex=\"-1\" ><div class=\"elementor-post__thumbnail\"><img decoding=\"async\" width=\"300\" height=\"169\" src=\"https:\/\/dubasiya.com\/wp-content\/uploads\/2024\/10\/8-1-300x169.png\" class=\"attachment-medium size-medium wp-image-300\" alt=\"\" srcset=\"https:\/\/dubasiya.com\/wp-content\/uploads\/2024\/10\/8-1-300x169.png 300w, https:\/\/dubasiya.com\/wp-content\/uploads\/2024\/10\/8-1-1024x576.png 1024w, https:\/\/dubasiya.com\/wp-content\/uploads\/2024\/10\/8-1-768x432.png 768w, https:\/\/dubasiya.com\/wp-content\/uploads\/2024\/10\/8-1.png 1366w\" sizes=\"(max-width: 300px) 100vw, 300px\" \/><\/div><\/a>\n\t\t\t\t<div class=\"elementor-post__badge\">Blog<\/div>\n\t\t\t\t<div class=\"elementor-post__avatar\">\n\t\t\t<img alt='tempwobblytable' src='https:\/\/secure.gravatar.com\/avatar\/b0de6698e72d7069235c30a19951d460?s=128&#038;d=mm&#038;r=g' srcset='https:\/\/secure.gravatar.com\/avatar\/b0de6698e72d7069235c30a19951d460?s=256&#038;d=mm&#038;r=g 2x' class='avatar avatar-128 photo' height='128' width='128' \/>\t\t<\/div>\n\t\t\t\t<div class=\"elementor-post__text\">\n\t\t\t\t<h3 class=\"elementor-post__title\">\n\t\t\t<a href=\"https:\/\/dubasiya.com\/index.php\/2024\/10\/03\/the-art-of-literary-translation-preserving-the-soul-of-a-story\/\" >\n\t\t\t\tThe Art of Literary Translation: Preserving the Soul of a Story\t\t\t<\/a>\n\t\t<\/h3>\n\t\t\t\t<div class=\"elementor-post__excerpt\">\n\t\t\t<p>Literary translation is a unique and complex form of translation that requires not just linguistic expertise but also a deep understanding of literary styles, emotions, and cultural nuances.<\/p>\n\t\t<\/div>\n\t\t\n\t\t<a class=\"elementor-post__read-more\" href=\"https:\/\/dubasiya.com\/index.php\/2024\/10\/03\/the-art-of-literary-translation-preserving-the-soul-of-a-story\/\" aria-label=\"Read more about The Art of Literary Translation: Preserving the Soul of a Story\" tabindex=\"-1\" >\n\t\t\tRead More \u00bb\t\t<\/a>\n\n\t\t\t\t<\/div>\n\t\t\t\t<div class=\"elementor-post__meta-data\">\n\t\t\t\t\t<span class=\"elementor-post-date\">\n\t\t\tOctober 3, 2024\t\t<\/span>\n\t\t\t\t<span class=\"elementor-post-avatar\">\n\t\t\tNo Comments\t\t<\/span>\n\t\t\t\t<\/div>\n\t\t\t\t\t<\/div>\n\t\t<\/article>\n\t\t\t\t<article class=\"elementor-post elementor-grid-item post-309 post type-post status-publish format-standard has-post-thumbnail hentry category-blog tag-en\">\n\t\t\t<div class=\"elementor-post__card\">\n\t\t\t\t<a class=\"elementor-post__thumbnail__link\" href=\"https:\/\/dubasiya.com\/index.php\/2024\/10\/03\/best-practices-to-follow-while-translating\/\" tabindex=\"-1\" ><div class=\"elementor-post__thumbnail\"><img decoding=\"async\" width=\"300\" height=\"169\" src=\"https:\/\/dubasiya.com\/wp-content\/uploads\/2024\/10\/7-1-300x169.png\" class=\"attachment-medium size-medium wp-image-298\" alt=\"\" srcset=\"https:\/\/dubasiya.com\/wp-content\/uploads\/2024\/10\/7-1-300x169.png 300w, https:\/\/dubasiya.com\/wp-content\/uploads\/2024\/10\/7-1-1024x576.png 1024w, https:\/\/dubasiya.com\/wp-content\/uploads\/2024\/10\/7-1-768x432.png 768w, https:\/\/dubasiya.com\/wp-content\/uploads\/2024\/10\/7-1.png 1366w\" sizes=\"(max-width: 300px) 100vw, 300px\" \/><\/div><\/a>\n\t\t\t\t<div class=\"elementor-post__badge\">Blog<\/div>\n\t\t\t\t<div class=\"elementor-post__avatar\">\n\t\t\t<img alt='tempwobblytable' src='https:\/\/secure.gravatar.com\/avatar\/b0de6698e72d7069235c30a19951d460?s=128&#038;d=mm&#038;r=g' srcset='https:\/\/secure.gravatar.com\/avatar\/b0de6698e72d7069235c30a19951d460?s=256&#038;d=mm&#038;r=g 2x' class='avatar avatar-128 photo' height='128' width='128' \/>\t\t<\/div>\n\t\t\t\t<div class=\"elementor-post__text\">\n\t\t\t\t<h3 class=\"elementor-post__title\">\n\t\t\t<a href=\"https:\/\/dubasiya.com\/index.php\/2024\/10\/03\/best-practices-to-follow-while-translating\/\" >\n\t\t\t\tBest Practices to Follow While Translating\t\t\t<\/a>\n\t\t<\/h3>\n\t\t\t\t<div class=\"elementor-post__excerpt\">\n\t\t\t<p>Translation is an art that goes beyond word-for-word conversion. To achieve quality, accuracy, and cultural relevance in translation, here are the best practices every translator should follow:<\/p>\n\t\t<\/div>\n\t\t\n\t\t<a class=\"elementor-post__read-more\" href=\"https:\/\/dubasiya.com\/index.php\/2024\/10\/03\/best-practices-to-follow-while-translating\/\" aria-label=\"Read more about Best Practices to Follow While Translating\" tabindex=\"-1\" >\n\t\t\tRead More \u00bb\t\t<\/a>\n\n\t\t\t\t<\/div>\n\t\t\t\t<div class=\"elementor-post__meta-data\">\n\t\t\t\t\t<span class=\"elementor-post-date\">\n\t\t\tOctober 3, 2024\t\t<\/span>\n\t\t\t\t<span class=\"elementor-post-avatar\">\n\t\t\tNo Comments\t\t<\/span>\n\t\t\t\t<\/div>\n\t\t\t\t\t<\/div>\n\t\t<\/article>\n\t\t\t\t<article class=\"elementor-post elementor-grid-item post-301 post type-post status-publish format-standard has-post-thumbnail hentry category-blog tag-en\">\n\t\t\t<div class=\"elementor-post__card\">\n\t\t\t\t<a class=\"elementor-post__thumbnail__link\" href=\"https:\/\/dubasiya.com\/index.php\/2024\/10\/03\/the-need-for-live-interpretation-in-global-communication\/\" tabindex=\"-1\" ><div class=\"elementor-post__thumbnail\"><img loading=\"lazy\" decoding=\"async\" width=\"300\" height=\"169\" src=\"https:\/\/dubasiya.com\/wp-content\/uploads\/2024\/10\/6-2-300x169.png\" class=\"attachment-medium size-medium wp-image-297\" alt=\"\" srcset=\"https:\/\/dubasiya.com\/wp-content\/uploads\/2024\/10\/6-2-300x169.png 300w, https:\/\/dubasiya.com\/wp-content\/uploads\/2024\/10\/6-2-1024x576.png 1024w, https:\/\/dubasiya.com\/wp-content\/uploads\/2024\/10\/6-2-768x432.png 768w, https:\/\/dubasiya.com\/wp-content\/uploads\/2024\/10\/6-2.png 1366w\" sizes=\"(max-width: 300px) 100vw, 300px\" \/><\/div><\/a>\n\t\t\t\t<div class=\"elementor-post__badge\">Blog<\/div>\n\t\t\t\t<div class=\"elementor-post__avatar\">\n\t\t\t<img alt='tempwobblytable' src='https:\/\/secure.gravatar.com\/avatar\/b0de6698e72d7069235c30a19951d460?s=128&#038;d=mm&#038;r=g' srcset='https:\/\/secure.gravatar.com\/avatar\/b0de6698e72d7069235c30a19951d460?s=256&#038;d=mm&#038;r=g 2x' class='avatar avatar-128 photo' height='128' width='128' \/>\t\t<\/div>\n\t\t\t\t<div class=\"elementor-post__text\">\n\t\t\t\t<h3 class=\"elementor-post__title\">\n\t\t\t<a href=\"https:\/\/dubasiya.com\/index.php\/2024\/10\/03\/the-need-for-live-interpretation-in-global-communication\/\" >\n\t\t\t\tThe Need for Live Interpretation in Global Communication\t\t\t<\/a>\n\t\t<\/h3>\n\t\t\t\t<div class=\"elementor-post__excerpt\">\n\t\t\t<p>In our increasingly globalized world, real-time communication across languages has become essential. This is where live interpretation comes into play, offering a critical service for overcoming language<\/p>\n\t\t<\/div>\n\t\t\n\t\t<a class=\"elementor-post__read-more\" href=\"https:\/\/dubasiya.com\/index.php\/2024\/10\/03\/the-need-for-live-interpretation-in-global-communication\/\" aria-label=\"Read more about The Need for Live Interpretation in Global Communication\" tabindex=\"-1\" >\n\t\t\tRead More \u00bb\t\t<\/a>\n\n\t\t\t\t<\/div>\n\t\t\t\t<div class=\"elementor-post__meta-data\">\n\t\t\t\t\t<span class=\"elementor-post-date\">\n\t\t\tOctober 3, 2024\t\t<\/span>\n\t\t\t\t<span class=\"elementor-post-avatar\">\n\t\t\tNo Comments\t\t<\/span>\n\t\t\t\t<\/div>\n\t\t\t\t\t<\/div>\n\t\t<\/article>\n\t\t\t\t<article class=\"elementor-post elementor-grid-item post-286 post type-post status-publish format-standard has-post-thumbnail hentry category-blog tag-en\">\n\t\t\t<div class=\"elementor-post__card\">\n\t\t\t\t<a class=\"elementor-post__thumbnail__link\" href=\"https:\/\/dubasiya.com\/index.php\/2024\/10\/03\/the-importance-of-culturally-aware-translation\/\" tabindex=\"-1\" ><div class=\"elementor-post__thumbnail\"><img fetchpriority=\"high\" decoding=\"async\" width=\"300\" height=\"169\" src=\"https:\/\/dubasiya.com\/wp-content\/uploads\/2024\/10\/5-2-300x169.png\" class=\"attachment-medium size-medium wp-image-296\" alt=\"\" srcset=\"https:\/\/dubasiya.com\/wp-content\/uploads\/2024\/10\/5-2-300x169.png 300w, https:\/\/dubasiya.com\/wp-content\/uploads\/2024\/10\/5-2-1024x576.png 1024w, https:\/\/dubasiya.com\/wp-content\/uploads\/2024\/10\/5-2-768x432.png 768w, https:\/\/dubasiya.com\/wp-content\/uploads\/2024\/10\/5-2.png 1366w\" sizes=\"(max-width: 300px) 100vw, 300px\" \/><\/div><\/a>\n\t\t\t\t<div class=\"elementor-post__badge\">Blog<\/div>\n\t\t\t\t<div class=\"elementor-post__avatar\">\n\t\t\t<img alt='tempwobblytable' src='https:\/\/secure.gravatar.com\/avatar\/b0de6698e72d7069235c30a19951d460?s=128&#038;d=mm&#038;r=g' srcset='https:\/\/secure.gravatar.com\/avatar\/b0de6698e72d7069235c30a19951d460?s=256&#038;d=mm&#038;r=g 2x' class='avatar avatar-128 photo' height='128' width='128' \/>\t\t<\/div>\n\t\t\t\t<div class=\"elementor-post__text\">\n\t\t\t\t<h3 class=\"elementor-post__title\">\n\t\t\t<a href=\"https:\/\/dubasiya.com\/index.php\/2024\/10\/03\/the-importance-of-culturally-aware-translation\/\" >\n\t\t\t\tThe Importance of Culturally Aware Translation\t\t\t<\/a>\n\t\t<\/h3>\n\t\t\t\t<div class=\"elementor-post__excerpt\">\n\t\t\t<p>Culturally aware translation is essential for preserving the original meaning, tone, and nuance of a message, ensuring it resonates with the target audience as intended. <\/p>\n\t\t<\/div>\n\t\t\n\t\t<a class=\"elementor-post__read-more\" href=\"https:\/\/dubasiya.com\/index.php\/2024\/10\/03\/the-importance-of-culturally-aware-translation\/\" aria-label=\"Read more about The Importance of Culturally Aware Translation\" tabindex=\"-1\" >\n\t\t\tRead More \u00bb\t\t<\/a>\n\n\t\t\t\t<\/div>\n\t\t\t\t<div class=\"elementor-post__meta-data\">\n\t\t\t\t\t<span class=\"elementor-post-date\">\n\t\t\tOctober 3, 2024\t\t<\/span>\n\t\t\t\t<span class=\"elementor-post-avatar\">\n\t\t\tNo Comments\t\t<\/span>\n\t\t\t\t<\/div>\n\t\t\t\t\t<\/div>\n\t\t<\/article>\n\t\t\t\t<\/div>\n\t\t\n\t\t\t\t<\/div>\n\t\t\t\t<\/div>\n\t\t\t\t\t<\/div>\n\t\t\t\t<\/div>\n\t\t\t\t<\/div>\n\t\t","protected":false},"excerpt":{"rendered":"","protected":false},"author":1,"featured_media":0,"parent":0,"menu_order":0,"comment_status":"closed","ping_status":"closed","template":"","meta":{"om_disable_all_campaigns":false,"_monsterinsights_skip_tracking":false,"_monsterinsights_sitenote_active":false,"_monsterinsights_sitenote_note":"","_monsterinsights_sitenote_category":0,"site-sidebar-layout":"no-sidebar","site-content-layout":"","ast-site-content-layout":"full-width-container","site-content-style":"default","site-sidebar-style":"default","ast-global-header-display":"","ast-banner-title-visibility":"","ast-main-header-display":"","ast-hfb-above-header-display":"","ast-hfb-below-header-display":"","ast-hfb-mobile-header-display":"","site-post-title":"disabled","ast-breadcrumbs-content":"","ast-featured-img":"disabled","footer-sml-layout":"","theme-transparent-header-meta":"","adv-header-id-meta":"","stick-header-meta":"","header-above-stick-meta":"","header-main-stick-meta":"","header-below-stick-meta":"","astra-migrate-meta-layouts":"default","ast-page-background-enabled":"default","ast-page-background-meta":{"desktop":{"background-color":"var(--ast-global-color-4)","background-image":"","background-repeat":"repeat","background-position":"center center","background-size":"auto","background-attachment":"scroll","background-type":"","background-media":"","overlay-type":"","overlay-color":"","overlay-gradient":""},"tablet":{"background-color":"","background-image":"","background-repeat":"repeat","background-position":"center center","background-size":"auto","background-attachment":"scroll","background-type":"","background-media":"","overlay-type":"","overlay-color":"","overlay-gradient":""},"mobile":{"background-color":"","background-image":"","background-repeat":"repeat","background-position":"center center","background-size":"auto","background-attachment":"scroll","background-type":"","background-media":"","overlay-type":"","overlay-color":"","overlay-gradient":""}},"ast-content-background-meta":{"desktop":{"background-color":"var(--ast-global-color-5)","background-image":"","background-repeat":"repeat","background-position":"center center","background-size":"auto","background-attachment":"scroll","background-type":"","background-media":"","overlay-type":"","overlay-color":"","overlay-gradient":""},"tablet":{"background-color":"var(--ast-global-color-5)","background-image":"","background-repeat":"repeat","background-position":"center center","background-size":"auto","background-attachment":"scroll","background-type":"","background-media":"","overlay-type":"","overlay-color":"","overlay-gradient":""},"mobile":{"background-color":"var(--ast-global-color-5)","background-image":"","background-repeat":"repeat","background-position":"center center","background-size":"auto","background-attachment":"scroll","background-type":"","background-media":"","overlay-type":"","overlay-color":"","overlay-gradient":""}},"footnotes":"","_joinchat":[]},"aioseo_notices":[],"_links":{"self":[{"href":"https:\/\/dubasiya.com\/index.php\/wp-json\/wp\/v2\/pages\/56"}],"collection":[{"href":"https:\/\/dubasiya.com\/index.php\/wp-json\/wp\/v2\/pages"}],"about":[{"href":"https:\/\/dubasiya.com\/index.php\/wp-json\/wp\/v2\/types\/page"}],"author":[{"embeddable":true,"href":"https:\/\/dubasiya.com\/index.php\/wp-json\/wp\/v2\/users\/1"}],"replies":[{"embeddable":true,"href":"https:\/\/dubasiya.com\/index.php\/wp-json\/wp\/v2\/comments?post=56"}],"version-history":[{"count":4,"href":"https:\/\/dubasiya.com\/index.php\/wp-json\/wp\/v2\/pages\/56\/revisions"}],"predecessor-version":[{"id":347,"href":"https:\/\/dubasiya.com\/index.php\/wp-json\/wp\/v2\/pages\/56\/revisions\/347"}],"wp:attachment":[{"href":"https:\/\/dubasiya.com\/index.php\/wp-json\/wp\/v2\/media?parent=56"}],"curies":[{"name":"wp","href":"https:\/\/api.w.org\/{rel}","templated":true}]}}