{"id":554,"date":"2025-06-01T11:49:13","date_gmt":"2025-06-01T11:49:13","guid":{"rendered":"https:\/\/dubasiya.com\/?page_id=554"},"modified":"2025-06-22T12:35:05","modified_gmt":"2025-06-22T12:35:05","slug":"elementor-554","status":"publish","type":"page","link":"https:\/\/dubasiya.com\/index.php\/es\/elementor-554\/","title":{"rendered":"Sobre nosotros"},"content":{"rendered":"\t\t<div data-elementor-type=\"wp-page\" data-elementor-id=\"554\" class=\"elementor elementor-554\" data-elementor-post-type=\"page\">\n\t\t\t\t<div class=\"elementor-element elementor-element-a916a9e e-flex e-con-boxed e-con e-parent\" data-id=\"a916a9e\" data-element_type=\"container\">\n\t\t\t\t\t<div class=\"e-con-inner\">\n\t\t<div class=\"elementor-element elementor-element-ba15f38 e-con-full e-flex e-con e-child\" data-id=\"ba15f38\" data-element_type=\"container\">\n\t\t\t\t<div class=\"elementor-element elementor-element-7f95776 elementor-headline--style-rotate animated-fast elementor-invisible elementor-widget elementor-widget-animated-headline\" data-id=\"7f95776\" data-element_type=\"widget\" data-settings=\"{&quot;headline_style&quot;:&quot;rotate&quot;,&quot;animation_type&quot;:&quot;wave&quot;,&quot;rotating_text&quot;:&quot;traducci\\u00f3n, \\ninterpretaci\\u00f3n, \\nformaci\\u00f3n, \\ny consultor\\u00eda cultural.&quot;,&quot;_animation&quot;:&quot;fadeInUp&quot;,&quot;rotate_iteration_delay&quot;:1000,&quot;loop&quot;:&quot;yes&quot;}\" data-widget_type=\"animated-headline.default\">\n\t\t\t\t<div class=\"elementor-widget-container\">\n\t\t\t\t\t<h3 class=\"elementor-headline elementor-headline-animation-type-wave elementor-headline-letters\">\n\t\t\t\t\t<span class=\"elementor-headline-plain-text elementor-headline-text-wrapper\">Somos una empresa global de servicios ling\u00fc\u00edsticos que ofrece soluciones de primer nivel en<\/span>\n\t\t\t\t<span class=\"elementor-headline-dynamic-wrapper elementor-headline-text-wrapper\">\n\t\t\t\t\t<span class=\"elementor-headline-dynamic-text elementor-headline-text-active\">\n\t\t\t\ttraducci\u00f3n,&nbsp;\t\t\t<\/span>\n\t\t\t\t\t<span class=\"elementor-headline-dynamic-text\">\n\t\t\t\tinterpretaci\u00f3n,&nbsp;\t\t\t<\/span>\n\t\t\t\t\t<span class=\"elementor-headline-dynamic-text\">\n\t\t\t\tformaci\u00f3n,&nbsp;\t\t\t<\/span>\n\t\t\t\t\t<span class=\"elementor-headline-dynamic-text\">\n\t\t\t\ty&nbsp;consultor\u00eda&nbsp;cultural.\t\t\t<\/span>\n\t\t\t\t\t\t<\/span>\n\t\t\t\t<\/h3>\n\t\t\t\t<\/div>\n\t\t\t\t<\/div>\n\t\t\t\t<\/div>\n\t\t<div class=\"elementor-element elementor-element-511cc28 e-con-full e-flex e-con e-child\" data-id=\"511cc28\" data-element_type=\"container\">\n\t\t\t\t<div class=\"elementor-element elementor-element-110abdf elementor-widget elementor-widget-video\" data-id=\"110abdf\" data-element_type=\"widget\" data-settings=\"{&quot;video_type&quot;:&quot;hosted&quot;,&quot;autoplay&quot;:&quot;yes&quot;,&quot;play_on_mobile&quot;:&quot;yes&quot;,&quot;mute&quot;:&quot;yes&quot;,&quot;loop&quot;:&quot;yes&quot;,&quot;_animation&quot;:&quot;none&quot;}\" data-widget_type=\"video.default\">\n\t\t\t\t<div class=\"elementor-widget-container\">\n\t\t\t\t\t<div class=\"e-hosted-video elementor-wrapper elementor-open-inline\">\n\t\t\t\t\t<video class=\"elementor-video\" src=\"https:\/\/dubasiya.com\/wp-content\/uploads\/2025\/02\/Untitled-design-6.mp4\" autoplay=\"\" loop=\"\" muted=\"muted\" playsinline=\"\" controlsList=\"nodownload\"><\/video>\n\t\t\t\t<\/div>\n\t\t\t\t<\/div>\n\t\t\t\t<\/div>\n\t\t\t\t<\/div>\n\t\t\t\t\t<\/div>\n\t\t\t\t<\/div>\n\t\t<div class=\"elementor-element elementor-element-534f754 e-flex e-con-boxed e-con e-parent\" data-id=\"534f754\" data-element_type=\"container\" data-settings=\"{&quot;background_background&quot;:&quot;classic&quot;}\">\n\t\t\t\t\t<div class=\"e-con-inner\">\n\t\t<div class=\"elementor-element elementor-element-c5d63a3 e-flex e-con-boxed e-con e-child\" data-id=\"c5d63a3\" data-element_type=\"container\">\n\t\t\t\t\t<div class=\"e-con-inner\">\n\t\t\t\t<div class=\"elementor-element elementor-element-e396292 elementor-widget elementor-widget-text-editor\" data-id=\"e396292\" data-element_type=\"widget\" data-widget_type=\"text-editor.default\">\n\t\t\t\t<div class=\"elementor-widget-container\">\n\t\t\t\t\t\t\t<p><span style=\"font-weight: 400;\">Nuestro equipo de expertos est\u00e1 formado por profesionales altamente cualificados del \u00e1mbito acad\u00e9mico e industrial, lo que garantiza una calidad inigualable en cada uno de los servicios que ofrecemos.<\/span><\/p>\t\t\t\t\t\t<\/div>\n\t\t\t\t<\/div>\n\t\t\t\t\t<\/div>\n\t\t\t\t<\/div>\n\t\t\t\t\t<\/div>\n\t\t\t\t<\/div>\n\t\t<div class=\"elementor-element elementor-element-c9efda9 e-flex e-con-boxed e-con e-parent\" data-id=\"c9efda9\" data-element_type=\"container\" data-settings=\"{&quot;background_background&quot;:&quot;classic&quot;}\">\n\t\t\t\t\t<div class=\"e-con-inner\">\n\t\t<div class=\"elementor-element elementor-element-6915381 e-con-full e-flex e-con e-child\" data-id=\"6915381\" data-element_type=\"container\">\n\t\t\t\t<div class=\"elementor-element elementor-element-4927afd elementor-widget elementor-widget-text-editor\" data-id=\"4927afd\" data-element_type=\"widget\" data-widget_type=\"text-editor.default\">\n\t\t\t\t<div class=\"elementor-widget-container\">\n\t\t\t\t\t\t\t<p><span style=\"font-weight: 400;\">Con dominio de todos los principales idiomas hablados en el mundo, hemos trabajado con clientes prestigiosos como las Naciones Unidas y el Gobierno de la India.<\/span><\/p><p><span style=\"font-weight: 400;\">El conocimiento t\u00e9cnico y la dedicaci\u00f3n de nuestro equipo aseguran que sus necesidades de comunicaci\u00f3n global se atiendan con precisi\u00f3n y excelencia.<\/span><\/p>\t\t\t\t\t\t<\/div>\n\t\t\t\t<\/div>\n\t\t\t\t<\/div>\n\t\t<div class=\"elementor-element elementor-element-a38df32 e-flex e-con-boxed e-con e-child\" data-id=\"a38df32\" data-element_type=\"container\">\n\t\t\t\t\t<div class=\"e-con-inner\">\n\t\t\t\t<div class=\"elementor-element elementor-element-ab4c6b5 elementor-widget elementor-widget-image\" data-id=\"ab4c6b5\" data-element_type=\"widget\" data-widget_type=\"image.default\">\n\t\t\t\t<div class=\"elementor-widget-container\">\n\t\t\t\t\t\t\t\t\t\t\t\t\t<img fetchpriority=\"high\" decoding=\"async\" width=\"1024\" height=\"726\" src=\"https:\/\/dubasiya.com\/wp-content\/uploads\/2025\/02\/Untitled-design-34-1024x726.png\" class=\"attachment-large size-large wp-image-385\" alt=\"\" srcset=\"https:\/\/dubasiya.com\/wp-content\/uploads\/2025\/02\/Untitled-design-34-1024x726.png 1024w, https:\/\/dubasiya.com\/wp-content\/uploads\/2025\/02\/Untitled-design-34-300x213.png 300w, https:\/\/dubasiya.com\/wp-content\/uploads\/2025\/02\/Untitled-design-34-768x545.png 768w, https:\/\/dubasiya.com\/wp-content\/uploads\/2025\/02\/Untitled-design-34-1536x1090.png 1536w, https:\/\/dubasiya.com\/wp-content\/uploads\/2025\/02\/Untitled-design-34.png 1748w\" sizes=\"(max-width: 1024px) 100vw, 1024px\" \/>\t\t\t\t\t\t\t\t\t\t\t\t\t<\/div>\n\t\t\t\t<\/div>\n\t\t\t\t\t<\/div>\n\t\t\t\t<\/div>\n\t\t\t\t\t<\/div>\n\t\t\t\t<\/div>\n\t\t\t\t<\/div>\n\t\t","protected":false},"excerpt":{"rendered":"<p>Somos una empresa global de servicios ling\u00fc\u00edsticos que ofrece soluciones de primer nivel en traducci\u00f3n,&nbsp; interpretaci\u00f3n,&nbsp; formaci\u00f3n,&nbsp; y&nbsp;consultor\u00eda&nbsp;cultural. https:\/\/dubasiya.com\/wp-content\/uploads\/2025\/02\/Untitled-design-6.mp4 Nuestro [&hellip;]<\/p>\n","protected":false},"author":1,"featured_media":0,"parent":0,"menu_order":0,"comment_status":"closed","ping_status":"closed","template":"","meta":{"om_disable_all_campaigns":false,"_monsterinsights_skip_tracking":false,"_monsterinsights_sitenote_active":false,"_monsterinsights_sitenote_note":"","_monsterinsights_sitenote_category":0,"site-sidebar-layout":"no-sidebar","site-content-layout":"","ast-site-content-layout":"full-width-container","site-content-style":"default","site-sidebar-style":"default","ast-global-header-display":"","ast-banner-title-visibility":"","ast-main-header-display":"","ast-hfb-above-header-display":"","ast-hfb-below-header-display":"","ast-hfb-mobile-header-display":"","site-post-title":"disabled","ast-breadcrumbs-content":"","ast-featured-img":"disabled","footer-sml-layout":"","theme-transparent-header-meta":"","adv-header-id-meta":"","stick-header-meta":"","header-above-stick-meta":"","header-main-stick-meta":"","header-below-stick-meta":"","astra-migrate-meta-layouts":"default","ast-page-background-enabled":"default","ast-page-background-meta":{"desktop":{"background-color":"var(--ast-global-color-4)","background-image":"","background-repeat":"repeat","background-position":"center center","background-size":"auto","background-attachment":"scroll","background-type":"","background-media":"","overlay-type":"","overlay-color":"","overlay-gradient":""},"tablet":{"background-color":"","background-image":"","background-repeat":"repeat","background-position":"center center","background-size":"auto","background-attachment":"scroll","background-type":"","background-media":"","overlay-type":"","overlay-color":"","overlay-gradient":""},"mobile":{"background-color":"","background-image":"","background-repeat":"repeat","background-position":"center center","background-size":"auto","background-attachment":"scroll","background-type":"","background-media":"","overlay-type":"","overlay-color":"","overlay-gradient":""}},"ast-content-background-meta":{"desktop":{"background-color":"var(--ast-global-color-5)","background-image":"","background-repeat":"repeat","background-position":"center center","background-size":"auto","background-attachment":"scroll","background-type":"","background-media":"","overlay-type":"","overlay-color":"","overlay-gradient":""},"tablet":{"background-color":"var(--ast-global-color-5)","background-image":"","background-repeat":"repeat","background-position":"center center","background-size":"auto","background-attachment":"scroll","background-type":"","background-media":"","overlay-type":"","overlay-color":"","overlay-gradient":""},"mobile":{"background-color":"var(--ast-global-color-5)","background-image":"","background-repeat":"repeat","background-position":"center center","background-size":"auto","background-attachment":"scroll","background-type":"","background-media":"","overlay-type":"","overlay-color":"","overlay-gradient":""}},"footnotes":"","_joinchat":[]},"aioseo_notices":[],"_links":{"self":[{"href":"https:\/\/dubasiya.com\/index.php\/wp-json\/wp\/v2\/pages\/554"}],"collection":[{"href":"https:\/\/dubasiya.com\/index.php\/wp-json\/wp\/v2\/pages"}],"about":[{"href":"https:\/\/dubasiya.com\/index.php\/wp-json\/wp\/v2\/types\/page"}],"author":[{"embeddable":true,"href":"https:\/\/dubasiya.com\/index.php\/wp-json\/wp\/v2\/users\/1"}],"replies":[{"embeddable":true,"href":"https:\/\/dubasiya.com\/index.php\/wp-json\/wp\/v2\/comments?post=554"}],"version-history":[{"count":6,"href":"https:\/\/dubasiya.com\/index.php\/wp-json\/wp\/v2\/pages\/554\/revisions"}],"predecessor-version":[{"id":589,"href":"https:\/\/dubasiya.com\/index.php\/wp-json\/wp\/v2\/pages\/554\/revisions\/589"}],"wp:attachment":[{"href":"https:\/\/dubasiya.com\/index.php\/wp-json\/wp\/v2\/media?parent=554"}],"curies":[{"name":"wp","href":"https:\/\/api.w.org\/{rel}","templated":true}]}}